{"id":666,"date":"2019-10-13T14:03:28","date_gmt":"2019-10-13T14:03:28","guid":{"rendered":"https:\/\/cartoriobarcarena.com\/index.php\/booking\/"},"modified":"2023-01-23T18:09:32","modified_gmt":"2023-01-23T18:09:32","slug":"transparencia","status":"publish","type":"page","link":"https:\/\/cartoriobarcarena.com\/index.php\/transparencia\/","title":{"rendered":"Transpar\u00eancia"},"content":{"rendered":"\t\t<div data-elementor-type=\"wp-page\" data-elementor-id=\"666\" class=\"elementor elementor-666\">\n\t\t\t\t\t\t<section class=\"elementor-section elementor-top-section elementor-element elementor-element-2901dae5 elementor-section-full_width elementor-section-height-min-height elementor-section-height-default elementor-section-items-middle exad-glass-effect-no wpr-particle-no wpr-jarallax-no wpr-parallax-no wpr-sticky-section-no wpr-column-slider-no wpr-equal-height-no exad-sticky-section-no\" data-id=\"2901dae5\" data-element_type=\"section\" data-e-type=\"section\" data-settings=\"{&quot;background_background&quot;:&quot;classic&quot;}\">\n\t\t\t\t\t\t\t<div class=\"elementor-background-overlay\"><\/div>\n\t\t\t\t\t\t\t<div class=\"elementor-container elementor-column-gap-no\">\n\t\t\t\t\t<div class=\"aux-parallax-section elementor-column elementor-col-33 elementor-top-column elementor-element elementor-element-6f48b1e2 exad-glass-effect-no exad-sticky-section-no\" data-id=\"6f48b1e2\" data-element_type=\"column\" data-e-type=\"column\">\n\t\t\t<div class=\"elementor-widget-wrap elementor-element-populated\">\n\t\t\t\t\t\t<div class=\"elementor-element elementor-element-26f21ff3 exad-sticky-section-no exad-glass-effect-no elementor-widget elementor-widget-image\" data-id=\"26f21ff3\" data-element_type=\"widget\" data-e-type=\"widget\" data-widget_type=\"image.default\">\n\t\t\t\t<div class=\"elementor-widget-container\">\n\t\t\t\t\t\t\t\t\t\t\t\t\t\t\t<img decoding=\"async\" width=\"150\" height=\"150\" src=\"https:\/\/cartoriobarcarena.com\/wp-content\/uploads\/2020\/03\/Cartorio-de-Barcarena2-150x150.png\" class=\"attachment-thumbnail size-thumbnail wp-image-708\" alt=\"\" srcset=\"https:\/\/cartoriobarcarena.com\/wp-content\/uploads\/2020\/03\/Cartorio-de-Barcarena2-150x150.png 150w, https:\/\/cartoriobarcarena.com\/wp-content\/uploads\/2020\/03\/Cartorio-de-Barcarena2-300x300.png 300w, https:\/\/cartoriobarcarena.com\/wp-content\/uploads\/2020\/03\/Cartorio-de-Barcarena2-1024x1024.png 1024w, https:\/\/cartoriobarcarena.com\/wp-content\/uploads\/2020\/03\/Cartorio-de-Barcarena2-768x768.png 768w, https:\/\/cartoriobarcarena.com\/wp-content\/uploads\/2020\/03\/Cartorio-de-Barcarena2-1536x1536.png 1536w, https:\/\/cartoriobarcarena.com\/wp-content\/uploads\/2020\/03\/Cartorio-de-Barcarena2-2048x2048.png 2048w, https:\/\/cartoriobarcarena.com\/wp-content\/uploads\/2020\/03\/elementor\/thumbs\/Cartorio-de-Barcarena2-pyhhxiifj00f88lnkfgzj05sus8yux6qq77g1hdmts.png 200w\" sizes=\"(max-width: 150px) 100vw, 150px\" \/>\t\t\t\t\t\t\t\t\t\t\t\t\t\t\t<\/div>\n\t\t\t\t<\/div>\n\t\t\t\t\t<\/div>\n\t\t<\/div>\n\t\t\t\t<div class=\"aux-parallax-section elementor-column elementor-col-33 elementor-top-column elementor-element elementor-element-2380153b exad-glass-effect-no exad-sticky-section-no\" data-id=\"2380153b\" data-element_type=\"column\" data-e-type=\"column\">\n\t\t\t<div class=\"elementor-widget-wrap elementor-element-populated\">\n\t\t\t\t\t\t<div class=\"elementor-element elementor-element-75a064c3 exad-sticky-section-no exad-glass-effect-no elementor-widget elementor-widget-aux_menu_box\" data-id=\"75a064c3\" data-element_type=\"widget\" data-e-type=\"widget\" data-widget_type=\"aux_menu_box.default\">\n\t\t\t\t<div class=\"elementor-widget-container\">\n\t\t\t\t\t<div class=\"aux-elementor-header-menu aux-nav-menu-element aux-nav-menu-element-75a064c3\"><div class=\"aux-burger-box\" data-target-panel=\"offcanvas\" data-target-content=\".elementor-element-75a064c3 .aux-master-menu\"><div class=\"aux-burger aux-lite-small\"><span class=\"mid-line\"><\/span><\/div><\/div><!-- start master menu -->\n<nav id=\"master-menu-elementor-75a064c3\" class=\"menu-menu-barcarena-container\">\n\n\t<ul id=\"menu-menu-barcarena\" class=\"aux-master-menu aux-no-js aux-skin-classic aux-with-indicator aux-with-splitter aux-horizontal\" data-type=\"horizontal\"  data-switch-type=\"toggle\" data-switch-parent=\".elementor-element-75a064c3 .aux-offcanvas-menu .offcanvas-content\" data-switch-width=\"768\"  >\n\t\t<!-- start single menu -->\n\t\t<li id=\"menu-item-734\" class=\"menu-item menu-item-type-post_type menu-item-object-page menu-item-home menu-item-734 aux-menu-depth-0 aux-menu-root-1 aux-menu-item\">\n\t\t\t<a href=\"https:\/\/cartoriobarcarena.com\/\" class=\"aux-item-content\">\n\t\t\t\t<span class=\"aux-menu-label\">In\u00edcio<\/span>\n\t\t\t<\/a>\n\t\t<\/li>\n\t\t<!-- end single menu -->\n\t\t<!-- start single menu -->\n\t\t<li id=\"menu-item-1340\" class=\"menu-item menu-item-type-post_type menu-item-object-page menu-item-1340 aux-menu-depth-0 aux-menu-root-2 aux-menu-item\">\n\t\t\t<a href=\"https:\/\/cartoriobarcarena.com\/index.php\/trabalhe\/\" class=\"aux-item-content\">\n\t\t\t\t<span class=\"aux-menu-label\">Trabalhe conosco<\/span>\n\t\t\t<\/a>\n\t\t<\/li>\n\t\t<!-- end single menu -->\n\t\t<!-- start single menu -->\n\t\t<li id=\"menu-item-732\" class=\"menu-item menu-item-type-post_type menu-item-object-page menu-item-732 aux-menu-depth-0 aux-menu-root-3 aux-menu-item\">\n\t\t\t<a href=\"https:\/\/cartoriobarcarena.com\/index.php\/contato\/\" class=\"aux-item-content\">\n\t\t\t\t<span class=\"aux-menu-label\">Contato<\/span>\n\t\t\t<\/a>\n\t\t<\/li>\n\t\t<!-- end single menu -->\n\t\t<!-- start single menu -->\n\t\t<li id=\"menu-item-733\" class=\"menu-item menu-item-type-post_type menu-item-object-page menu-item-733 aux-menu-depth-0 aux-menu-root-4 aux-menu-item\">\n\t\t\t<a href=\"https:\/\/cartoriobarcarena.com\/index.php\/sobre\/\" class=\"aux-item-content\">\n\t\t\t\t<span class=\"aux-menu-label\">Sobre<\/span>\n\t\t\t<\/a>\n\t\t<\/li>\n\t\t<!-- end single menu -->\n\t\t<!-- start single menu -->\n\t\t<li id=\"menu-item-1648\" class=\"menu-item menu-item-type-post_type menu-item-object-page menu-item-1648 aux-menu-depth-0 aux-menu-root-5 aux-menu-item\">\n\t\t\t<a href=\"https:\/\/cartoriobarcarena.com\/index.php\/lgpd\/\" class=\"aux-item-content\">\n\t\t\t\t<span class=\"aux-menu-label\">LGPD<\/span>\n\t\t\t<\/a>\n\t\t<\/li>\n\t\t<!-- end single menu -->\n\t\t<!-- start single menu -->\n\t\t<li id=\"menu-item-1649\" class=\"menu-item menu-item-type-post_type menu-item-object-page menu-item-1649 aux-menu-depth-0 aux-menu-root-6 aux-menu-item\">\n\t\t\t<a href=\"https:\/\/cartoriobarcarena.com\/index.php\/politica\/\" class=\"aux-item-content\">\n\t\t\t\t<span class=\"aux-menu-label\">Pol\u00edtica de Privacidade<\/span>\n\t\t\t<\/a>\n\t\t<\/li>\n\t\t<!-- end single menu -->\n\t<\/ul>\n\n<\/nav>\n<!-- end master menu -->\n<section class=\"aux-offcanvas-menu aux-pin-left\"><div class=\"aux-panel-close\"><div class=\"aux-close aux-cross-symbol aux-thick-medium\"><\/div><\/div><div class=\"offcanvas-header\"><\/div><div class=\"offcanvas-content\"><\/div><div class=\"offcanvas-footer\"><\/div><\/section><\/div><style>@media only screen and (min-width: 769px) { .elementor-element-75a064c3 .aux-burger-box { display: none } }<\/style>\t\t\t\t<\/div>\n\t\t\t\t<\/div>\n\t\t\t\t\t<\/div>\n\t\t<\/div>\n\t\t\t\t<div class=\"aux-parallax-section elementor-column elementor-col-33 elementor-top-column elementor-element elementor-element-7054ded4 exad-glass-effect-no exad-sticky-section-no\" data-id=\"7054ded4\" data-element_type=\"column\" data-e-type=\"column\">\n\t\t\t<div class=\"elementor-widget-wrap\">\n\t\t\t\t\t\t\t<\/div>\n\t\t<\/div>\n\t\t\t\t\t<\/div>\n\t\t<\/section>\n\t\t\t\t<section class=\"elementor-section elementor-top-section elementor-element elementor-element-672d6d9 elementor-reverse-tablet elementor-reverse-mobile elementor-section-boxed elementor-section-height-default elementor-section-height-default exad-glass-effect-no wpr-particle-no wpr-jarallax-no wpr-parallax-no wpr-sticky-section-no wpr-column-slider-no wpr-equal-height-no exad-sticky-section-no\" data-id=\"672d6d9\" data-element_type=\"section\" data-e-type=\"section\">\n\t\t\t\t\t\t<div class=\"elementor-container elementor-column-gap-no\">\n\t\t\t\t\t<div class=\"aux-parallax-section elementor-column elementor-col-100 elementor-top-column elementor-element elementor-element-ff34eab exad-glass-effect-no exad-sticky-section-no\" data-id=\"ff34eab\" data-element_type=\"column\" data-e-type=\"column\">\n\t\t\t<div class=\"elementor-widget-wrap elementor-element-populated\">\n\t\t\t\t\t\t<div class=\"elementor-element elementor-element-185f3a7 aux-appear-watch-animation aux-fade-in-up-1 exad-sticky-section-no exad-glass-effect-no elementor-widget elementor-widget-aux_modern_heading\" data-id=\"185f3a7\" data-element_type=\"widget\" data-e-type=\"widget\" data-widget_type=\"aux_modern_heading.default\">\n\t\t\t\t<div class=\"elementor-widget-container\">\n\t\t\t\t\t<section class=\"aux-widget-modern-heading\">\n            <div class=\"aux-widget-inner\"><h5 class=\"aux-modern-heading-primary\">Transpar\u00eancia<\/h5><h3 class=\"aux-modern-heading-secondary\"><span class=\"aux-head-before\">Pol\u00edtica de Transpar\u00eancia<\/span><\/h3><div class=\"aux-modern-heading-description\"><p>Nosso Cart\u00f3rio tem uma pol\u00edtica de transpar\u00eancia financeira rigorosa e segue as normas e regulamenta\u00e7\u00f5es estabelecidas pelo CNJ.\u00a0<strong>As informa\u00e7\u00f5es financeiras est\u00e3o dispon\u00edveis no site do CNJ para consulta p\u00fablica<\/strong>, e tamb\u00e9m est\u00e3o dispon\u00edveis para clientes quando solicitadas. Estamos comprometidos em garantir a transpar\u00eancia e a confian\u00e7a dos cidad\u00e3os no uso dos recursos.<\/p><p>Vale lembrar que o\u00a0<strong>Cart\u00f3rio de Barcarena e uma institui\u00e7\u00e3o privada<\/strong>\u00a0que executa servi\u00e7os p\u00fablicos.<\/p><\/div><\/div>\n        <\/section>\t\t\t\t<\/div>\n\t\t\t\t<\/div>\n\t\t\t\t<div class=\"elementor-element elementor-element-7493325 exad-sticky-section-no exad-glass-effect-no elementor-widget elementor-widget-shortcode\" data-id=\"7493325\" data-element_type=\"widget\" data-e-type=\"widget\" data-widget_type=\"shortcode.default\">\n\t\t\t\t<div class=\"elementor-widget-container\">\n\t\t\t\t\t\t\t<div class=\"elementor-shortcode\">\n<div class=\"wpcf7 no-js\" id=\"wpcf7-f1020-o1\" lang=\"en-US\" dir=\"ltr\" data-wpcf7-id=\"1020\">\n<div class=\"screen-reader-response\"><p role=\"status\" aria-live=\"polite\" aria-atomic=\"true\"><\/p> <ul><\/ul><\/div>\n<form action=\"\/index.php\/wp-json\/wp\/v2\/pages\/666#wpcf7-f1020-o1\" method=\"post\" class=\"wpcf7-form init\" aria-label=\"Contact form\" novalidate=\"novalidate\" data-status=\"init\">\n<fieldset class=\"hidden-fields-container\"><input type=\"hidden\" name=\"_wpcf7\" value=\"1020\" \/><input type=\"hidden\" name=\"_wpcf7_version\" value=\"6.1.5\" \/><input type=\"hidden\" name=\"_wpcf7_locale\" value=\"en_US\" \/><input type=\"hidden\" name=\"_wpcf7_unit_tag\" value=\"wpcf7-f1020-o1\" \/><input type=\"hidden\" name=\"_wpcf7_container_post\" value=\"0\" \/><input type=\"hidden\" name=\"_wpcf7_posted_data_hash\" value=\"\" \/>\n<\/fieldset>\n<p><label> Nome completo<br \/>\n<span class=\"wpcf7-form-control-wrap\" data-name=\"your-name\"><input size=\"40\" maxlength=\"400\" class=\"wpcf7-form-control wpcf7-text wpcf7-validates-as-required\" autocomplete=\"name\" aria-required=\"true\" aria-invalid=\"false\" value=\"\" type=\"text\" name=\"your-name\" \/><\/span> <\/label>\n<\/p>\n<p><label> Seu e-mail<br \/>\n<span class=\"wpcf7-form-control-wrap\" data-name=\"email-247\"><input size=\"40\" maxlength=\"400\" class=\"wpcf7-form-control wpcf7-email wpcf7-validates-as-required wpcf7-text wpcf7-validates-as-email\" aria-required=\"true\" aria-invalid=\"false\" placeholder=\"\" value=\"\" type=\"email\" name=\"email-247\" \/><\/span> <\/label>\n<\/p>\n<p><label> N\u00famero do CPF<br \/>\n<span class=\"wpcf7-form-control-wrap\" data-name=\"nome-do-campo\"><input size=\"40\" maxlength=\"400\" class=\"wpcf7-form-control wpcf7-text wpcf7-validates-as-required cf7cpfcnpj-cpf\" aria-required=\"true\" aria-invalid=\"false\" value=\"\" type=\"text\" name=\"nome-do-campo\" \/><\/span> <\/label>\n<\/p>\n<p><label> Motivo da solicita\u00e7\u00e3o<br \/>\n<span class=\"wpcf7-form-control-wrap\" data-name=\"text-475\"><input size=\"40\" maxlength=\"400\" class=\"wpcf7-form-control wpcf7-text wpcf7-validates-as-required\" aria-required=\"true\" aria-invalid=\"false\" value=\"\" type=\"text\" name=\"text-475\" \/><\/span> <\/label>\n<\/p>\n<p><input class=\"wpcf7-form-control wpcf7-submit has-spinner\" type=\"submit\" value=\"Validar\" \/>\n<\/p><div class=\"wpcf7-response-output\" aria-hidden=\"true\"><\/div>\n<\/form>\n<\/div>\n<\/div>\n\t\t\t\t\t\t<\/div>\n\t\t\t\t<\/div>\n\t\t\t\t\t<\/div>\n\t\t<\/div>\n\t\t\t\t\t<\/div>\n\t\t<\/section>\n\t\t\t\t<section class=\"elementor-section elementor-top-section elementor-element elementor-element-6477b6f4 elementor-section-full_width elementor-section-height-min-height elementor-section-height-default elementor-section-items-middle exad-glass-effect-no wpr-particle-no wpr-jarallax-no wpr-parallax-no wpr-sticky-section-no wpr-column-slider-no wpr-equal-height-no exad-sticky-section-no\" data-id=\"6477b6f4\" data-element_type=\"section\" data-e-type=\"section\" data-settings=\"{&quot;background_background&quot;:&quot;classic&quot;}\">\n\t\t\t\t\t\t\t<div class=\"elementor-background-overlay\"><\/div>\n\t\t\t\t\t\t\t<div class=\"elementor-container elementor-column-gap-default\">\n\t\t\t\t\t<div class=\"aux-parallax-section elementor-column elementor-col-33 elementor-top-column elementor-element elementor-element-5942f179 exad-glass-effect-no exad-sticky-section-no\" data-id=\"5942f179\" data-element_type=\"column\" data-e-type=\"column\">\n\t\t\t<div class=\"elementor-widget-wrap elementor-element-populated\">\n\t\t\t\t\t\t<div class=\"elementor-element elementor-element-34c3dad4 exad-sticky-section-no exad-glass-effect-no elementor-widget elementor-widget-image\" data-id=\"34c3dad4\" data-element_type=\"widget\" data-e-type=\"widget\" data-widget_type=\"image.default\">\n\t\t\t\t<div class=\"elementor-widget-container\">\n\t\t\t\t\t\t\t\t\t\t\t\t\t\t\t<img decoding=\"async\" width=\"150\" height=\"150\" src=\"https:\/\/cartoriobarcarena.com\/wp-content\/uploads\/2020\/03\/Cartorio-de-Barcarena2-150x150.png\" class=\"attachment-thumbnail size-thumbnail wp-image-708\" alt=\"\" srcset=\"https:\/\/cartoriobarcarena.com\/wp-content\/uploads\/2020\/03\/Cartorio-de-Barcarena2-150x150.png 150w, https:\/\/cartoriobarcarena.com\/wp-content\/uploads\/2020\/03\/Cartorio-de-Barcarena2-300x300.png 300w, https:\/\/cartoriobarcarena.com\/wp-content\/uploads\/2020\/03\/Cartorio-de-Barcarena2-1024x1024.png 1024w, https:\/\/cartoriobarcarena.com\/wp-content\/uploads\/2020\/03\/Cartorio-de-Barcarena2-768x768.png 768w, https:\/\/cartoriobarcarena.com\/wp-content\/uploads\/2020\/03\/Cartorio-de-Barcarena2-1536x1536.png 1536w, https:\/\/cartoriobarcarena.com\/wp-content\/uploads\/2020\/03\/Cartorio-de-Barcarena2-2048x2048.png 2048w, https:\/\/cartoriobarcarena.com\/wp-content\/uploads\/2020\/03\/elementor\/thumbs\/Cartorio-de-Barcarena2-pyhhxiifj00f88lnkfgzj05sus8yux6qq77g1hdmts.png 200w\" sizes=\"(max-width: 150px) 100vw, 150px\" \/>\t\t\t\t\t\t\t\t\t\t\t\t\t\t\t<\/div>\n\t\t\t\t<\/div>\n\t\t\t\t\t<\/div>\n\t\t<\/div>\n\t\t\t\t<div class=\"aux-parallax-section elementor-column elementor-col-33 elementor-top-column elementor-element elementor-element-1ca4257 exad-glass-effect-no exad-sticky-section-no\" data-id=\"1ca4257\" data-element_type=\"column\" data-e-type=\"column\">\n\t\t\t<div class=\"elementor-widget-wrap elementor-element-populated\">\n\t\t\t\t\t\t<div class=\"elementor-element elementor-element-4fcd528f exad-sticky-section-no exad-glass-effect-no elementor-widget elementor-widget-heading\" data-id=\"4fcd528f\" data-element_type=\"widget\" data-e-type=\"widget\" data-widget_type=\"heading.default\">\n\t\t\t\t<div class=\"elementor-widget-container\">\n\t\t\t\t\t<h3 class=\"elementor-heading-title elementor-size-default\">Servi\u00e7os Extrajudiciais para Barcarena com qualidade e celeridade.<\/h3>\t\t\t\t<\/div>\n\t\t\t\t<\/div>\n\t\t\t\t<div class=\"elementor-element elementor-element-52692fe2 elementor-widget__width-initial exad-sticky-section-no exad-glass-effect-no elementor-widget elementor-widget-heading\" data-id=\"52692fe2\" data-element_type=\"widget\" data-e-type=\"widget\" data-widget_type=\"heading.default\">\n\t\t\t\t<div class=\"elementor-widget-container\">\n\t\t\t\t\t<h4 class=\"elementor-heading-title elementor-size-default\">Rua: Lameira Bitencourt S\/N\n\nTv. 7 de setembro com Tv. da Matriz\n\nCentro, Barcarena - PA<\/h4>\t\t\t\t<\/div>\n\t\t\t\t<\/div>\n\t\t\t\t<div class=\"elementor-element elementor-element-324fe5d4 exad-sticky-section-no exad-glass-effect-no elementor-widget elementor-widget-heading\" data-id=\"324fe5d4\" data-element_type=\"widget\" data-e-type=\"widget\" data-widget_type=\"heading.default\">\n\t\t\t\t<div class=\"elementor-widget-container\">\n\t\t\t\t\t<h4 class=\"elementor-heading-title elementor-size-default\">cartoriobarcarena@gmail.com \/ (91) 99300-1926 \/ 99123-1926<\/h4>\t\t\t\t<\/div>\n\t\t\t\t<\/div>\n\t\t\t\t<section class=\"elementor-section elementor-inner-section elementor-element elementor-element-6f82620c elementor-section-boxed elementor-section-height-default elementor-section-height-default exad-glass-effect-no wpr-particle-no wpr-jarallax-no wpr-parallax-no wpr-sticky-section-no wpr-column-slider-no wpr-equal-height-no exad-sticky-section-no\" data-id=\"6f82620c\" data-element_type=\"section\" data-e-type=\"section\">\n\t\t\t\t\t\t<div class=\"elementor-container elementor-column-gap-default\">\n\t\t\t\t\t<div class=\"aux-parallax-section elementor-column elementor-col-100 elementor-inner-column elementor-element elementor-element-edd4415 exad-glass-effect-no exad-sticky-section-no\" data-id=\"edd4415\" data-element_type=\"column\" data-e-type=\"column\">\n\t\t\t<div class=\"elementor-widget-wrap elementor-element-populated\">\n\t\t\t\t\t\t<div class=\"elementor-element elementor-element-778d3f3f exad-sticky-section-no exad-glass-effect-no elementor-widget elementor-widget-heading\" data-id=\"778d3f3f\" data-element_type=\"widget\" data-e-type=\"widget\" data-widget_type=\"heading.default\">\n\t\t\t\t<div class=\"elementor-widget-container\">\n\t\t\t\t\t<h4 class=\"elementor-heading-title elementor-size-default\">\u00a9 2023. Cart\u00f3rio Barcarena. Todos os direitos reservados.<\/h4>\t\t\t\t<\/div>\n\t\t\t\t<\/div>\n\t\t\t\t\t<\/div>\n\t\t<\/div>\n\t\t\t\t\t<\/div>\n\t\t<\/section>\n\t\t\t\t\t<\/div>\n\t\t<\/div>\n\t\t\t\t<div class=\"aux-parallax-section elementor-column elementor-col-33 elementor-top-column elementor-element elementor-element-6aac2ea9 exad-glass-effect-no exad-sticky-section-no\" data-id=\"6aac2ea9\" data-element_type=\"column\" data-e-type=\"column\">\n\t\t\t<div class=\"elementor-widget-wrap elementor-element-populated\">\n\t\t\t\t\t\t<div class=\"elementor-element elementor-element-78826424 elementor-shape-circle elementor-grid-0 e-grid-align-center exad-sticky-section-no exad-glass-effect-no elementor-widget elementor-widget-social-icons\" data-id=\"78826424\" data-element_type=\"widget\" data-e-type=\"widget\" data-widget_type=\"social-icons.default\">\n\t\t\t\t<div class=\"elementor-widget-container\">\n\t\t\t\t\t\t\t<div class=\"elementor-social-icons-wrapper elementor-grid\" role=\"list\">\n\t\t\t\t\t\t\t<span class=\"elementor-grid-item\" role=\"listitem\">\n\t\t\t\t\t<a class=\"elementor-icon elementor-social-icon elementor-social-icon-facebook elementor-repeater-item-2f7e821\" href=\"https:\/\/www.facebook.com\/cartoriobarcarena\" target=\"_blank\">\n\t\t\t\t\t\t<span class=\"elementor-screen-only\">Facebook<\/span>\n\t\t\t\t\t\t<i aria-hidden=\"true\" class=\"fab fa-facebook\"><\/i>\t\t\t\t\t<\/a>\n\t\t\t\t<\/span>\n\t\t\t\t\t\t\t<span class=\"elementor-grid-item\" role=\"listitem\">\n\t\t\t\t\t<a class=\"elementor-icon elementor-social-icon elementor-social-icon-instagram elementor-repeater-item-a765d53\" href=\"https:\/\/www.instagram.com\/cartoriobarcarena\" target=\"_blank\">\n\t\t\t\t\t\t<span class=\"elementor-screen-only\">Instagram<\/span>\n\t\t\t\t\t\t<i aria-hidden=\"true\" class=\"fab fa-instagram\"><\/i>\t\t\t\t\t<\/a>\n\t\t\t\t<\/span>\n\t\t\t\t\t\t\t<span class=\"elementor-grid-item\" role=\"listitem\">\n\t\t\t\t\t<a class=\"elementor-icon elementor-social-icon elementor-social-icon-whatsapp elementor-repeater-item-d160dcb\" href=\"https:\/\/wa.me\/5591993001926\" target=\"_blank\">\n\t\t\t\t\t\t<span class=\"elementor-screen-only\">Whatsapp<\/span>\n\t\t\t\t\t\t<i aria-hidden=\"true\" class=\"fab fa-whatsapp\"><\/i>\t\t\t\t\t<\/a>\n\t\t\t\t<\/span>\n\t\t\t\t\t<\/div>\n\t\t\t\t\t\t<\/div>\n\t\t\t\t<\/div>\n\t\t\t\t\t<\/div>\n\t\t<\/div>\n\t\t\t\t\t<\/div>\n\t\t<\/section>\n\t\t\t\t<\/div>\n\t\t","protected":false},"excerpt":{"rendered":"<p>In\u00edcio Trabalhe conosco Contato Sobre Transpar\u00eancia Pol\u00edtica de Transpar\u00eancia Nosso Cart\u00f3rio tem uma pol\u00edtica de transpar\u00eancia financeira rigorosa e segue as normas e regulamenta\u00e7\u00f5es estabelecidas pelo CNJ.\u00a0As informa\u00e7\u00f5es financeiras est\u00e3o dispon\u00edveis no site do CNJ para consulta p\u00fablica, e tamb\u00e9m est\u00e3o dispon\u00edveis para clientes quando solicitadas. Estamos comprometidos em garantir a transpar\u00eancia e a confian\u00e7a dos cidad\u00e3os no uso dos recursos. Vale lembrar que o\u00a0Cart\u00f3rio de Barcarena e uma institui\u00e7\u00e3o privada\u00a0que executa servi\u00e7os p\u00fablicos. Servi\u00e7os Extrajudiciais para Barcarena com qualidade e celeridade. Rua: Lameira Bitencourt S\/N Tv. 7 de setembro com Tv. da Matriz Centro, Barcarena &#8211; PA cartoriobarcarena@gmail.com \/ (91) 99300-1926 \/ 99123-1926 \u00a9 2023. Cart\u00f3rio Barcarena. Todos os direitos reservados. Facebook Instagram Whatsapp<\/p>\n","protected":false},"author":1,"featured_media":0,"parent":0,"menu_order":0,"comment_status":"closed","ping_status":"closed","template":"elementor_canvas","meta":{"_joinchat":[],"footnotes":""},"class_list":["post-666","page","type-page","status-publish","hentry"],"_links":{"self":[{"href":"https:\/\/cartoriobarcarena.com\/index.php\/wp-json\/wp\/v2\/pages\/666","targetHints":{"allow":["GET"]}}],"collection":[{"href":"https:\/\/cartoriobarcarena.com\/index.php\/wp-json\/wp\/v2\/pages"}],"about":[{"href":"https:\/\/cartoriobarcarena.com\/index.php\/wp-json\/wp\/v2\/types\/page"}],"author":[{"embeddable":true,"href":"https:\/\/cartoriobarcarena.com\/index.php\/wp-json\/wp\/v2\/users\/1"}],"replies":[{"embeddable":true,"href":"https:\/\/cartoriobarcarena.com\/index.php\/wp-json\/wp\/v2\/comments?post=666"}],"version-history":[{"count":56,"href":"https:\/\/cartoriobarcarena.com\/index.php\/wp-json\/wp\/v2\/pages\/666\/revisions"}],"predecessor-version":[{"id":1467,"href":"https:\/\/cartoriobarcarena.com\/index.php\/wp-json\/wp\/v2\/pages\/666\/revisions\/1467"}],"wp:attachment":[{"href":"https:\/\/cartoriobarcarena.com\/index.php\/wp-json\/wp\/v2\/media?parent=666"}],"curies":[{"name":"wp","href":"https:\/\/api.w.org\/{rel}","templated":true}]}}