{"id":1620,"date":"2023-05-18T13:48:35","date_gmt":"2023-05-18T13:48:35","guid":{"rendered":"https:\/\/cartoriobarcarena.com\/?page_id=1620"},"modified":"2024-01-25T16:46:29","modified_gmt":"2024-01-25T16:46:29","slug":"lgpd","status":"publish","type":"page","link":"https:\/\/cartoriobarcarena.com\/index.php\/lgpd\/","title":{"rendered":"LGPD"},"content":{"rendered":"\t\t<div data-elementor-type=\"wp-page\" data-elementor-id=\"1620\" class=\"elementor elementor-1620\">\n\t\t\t\t\t\t<section class=\"elementor-section elementor-top-section elementor-element elementor-element-2f45a9f1 elementor-section-full_width elementor-section-height-min-height elementor-section-height-default elementor-section-items-middle exad-glass-effect-no wpr-particle-no wpr-jarallax-no wpr-parallax-no wpr-sticky-section-no wpr-column-slider-no wpr-equal-height-no exad-sticky-section-no\" data-id=\"2f45a9f1\" data-element_type=\"section\" data-e-type=\"section\" data-settings=\"{&quot;background_background&quot;:&quot;classic&quot;}\">\n\t\t\t\t\t\t\t<div class=\"elementor-background-overlay\"><\/div>\n\t\t\t\t\t\t\t<div class=\"elementor-container elementor-column-gap-no\">\n\t\t\t\t\t<div class=\"aux-parallax-section elementor-column elementor-col-33 elementor-top-column elementor-element elementor-element-3cddfdcf exad-glass-effect-no exad-sticky-section-no\" data-id=\"3cddfdcf\" data-element_type=\"column\" data-e-type=\"column\">\n\t\t\t<div class=\"elementor-widget-wrap elementor-element-populated\">\n\t\t\t\t\t\t<div class=\"elementor-element elementor-element-a192c6 exad-sticky-section-no exad-glass-effect-no elementor-widget elementor-widget-image\" data-id=\"a192c6\" data-element_type=\"widget\" data-e-type=\"widget\" data-widget_type=\"image.default\">\n\t\t\t\t<div class=\"elementor-widget-container\">\n\t\t\t\t\t\t\t\t\t\t\t\t\t\t\t<img decoding=\"async\" width=\"150\" height=\"150\" src=\"https:\/\/cartoriobarcarena.com\/wp-content\/uploads\/2020\/03\/Cartorio-de-Barcarena2-150x150.png\" class=\"attachment-thumbnail size-thumbnail wp-image-708\" alt=\"\" srcset=\"https:\/\/cartoriobarcarena.com\/wp-content\/uploads\/2020\/03\/Cartorio-de-Barcarena2-150x150.png 150w, https:\/\/cartoriobarcarena.com\/wp-content\/uploads\/2020\/03\/Cartorio-de-Barcarena2-300x300.png 300w, https:\/\/cartoriobarcarena.com\/wp-content\/uploads\/2020\/03\/Cartorio-de-Barcarena2-1024x1024.png 1024w, https:\/\/cartoriobarcarena.com\/wp-content\/uploads\/2020\/03\/Cartorio-de-Barcarena2-768x768.png 768w, https:\/\/cartoriobarcarena.com\/wp-content\/uploads\/2020\/03\/Cartorio-de-Barcarena2-1536x1536.png 1536w, https:\/\/cartoriobarcarena.com\/wp-content\/uploads\/2020\/03\/Cartorio-de-Barcarena2-2048x2048.png 2048w, https:\/\/cartoriobarcarena.com\/wp-content\/uploads\/2020\/03\/elementor\/thumbs\/Cartorio-de-Barcarena2-pyhhxiifj00f88lnkfgzj05sus8yux6qq77g1hdmts.png 200w\" sizes=\"(max-width: 150px) 100vw, 150px\" \/>\t\t\t\t\t\t\t\t\t\t\t\t\t\t\t<\/div>\n\t\t\t\t<\/div>\n\t\t\t\t\t<\/div>\n\t\t<\/div>\n\t\t\t\t<div class=\"aux-parallax-section elementor-column elementor-col-33 elementor-top-column elementor-element elementor-element-339a8558 exad-glass-effect-no exad-sticky-section-no\" data-id=\"339a8558\" data-element_type=\"column\" data-e-type=\"column\">\n\t\t\t<div class=\"elementor-widget-wrap elementor-element-populated\">\n\t\t\t\t\t\t<div class=\"elementor-element elementor-element-252e24c1 exad-sticky-section-no exad-glass-effect-no elementor-widget elementor-widget-aux_menu_box\" data-id=\"252e24c1\" data-element_type=\"widget\" data-e-type=\"widget\" data-widget_type=\"aux_menu_box.default\">\n\t\t\t\t<div class=\"elementor-widget-container\">\n\t\t\t\t\t<div class=\"aux-elementor-header-menu aux-nav-menu-element aux-nav-menu-element-252e24c1\"><div class=\"aux-burger-box\" data-target-panel=\"offcanvas\" data-target-content=\".elementor-element-252e24c1 .aux-master-menu\"><div class=\"aux-burger aux-lite-small\"><span class=\"mid-line\"><\/span><\/div><\/div><!-- start master menu -->\n<nav id=\"master-menu-elementor-252e24c1\" class=\"menu-menu-barcarena-container\">\n\n\t<ul id=\"menu-menu-barcarena\" class=\"aux-master-menu aux-no-js aux-skin-classic aux-with-indicator aux-with-splitter aux-horizontal\" data-type=\"horizontal\"  data-switch-type=\"toggle\" data-switch-parent=\".elementor-element-252e24c1 .aux-offcanvas-menu .offcanvas-content\" data-switch-width=\"768\"  >\n\t\t<!-- start single menu -->\n\t\t<li id=\"menu-item-734\" class=\"menu-item menu-item-type-post_type menu-item-object-page menu-item-home menu-item-734 aux-menu-depth-0 aux-menu-root-1 aux-menu-item\">\n\t\t\t<a href=\"https:\/\/cartoriobarcarena.com\/\" class=\"aux-item-content\">\n\t\t\t\t<span class=\"aux-menu-label\">In\u00edcio<\/span>\n\t\t\t<\/a>\n\t\t<\/li>\n\t\t<!-- end single menu -->\n\t\t<!-- start single menu -->\n\t\t<li id=\"menu-item-1340\" class=\"menu-item menu-item-type-post_type menu-item-object-page menu-item-1340 aux-menu-depth-0 aux-menu-root-2 aux-menu-item\">\n\t\t\t<a href=\"https:\/\/cartoriobarcarena.com\/index.php\/trabalhe\/\" class=\"aux-item-content\">\n\t\t\t\t<span class=\"aux-menu-label\">Trabalhe conosco<\/span>\n\t\t\t<\/a>\n\t\t<\/li>\n\t\t<!-- end single menu -->\n\t\t<!-- start single menu -->\n\t\t<li id=\"menu-item-732\" class=\"menu-item menu-item-type-post_type menu-item-object-page menu-item-732 aux-menu-depth-0 aux-menu-root-3 aux-menu-item\">\n\t\t\t<a href=\"https:\/\/cartoriobarcarena.com\/index.php\/contato\/\" class=\"aux-item-content\">\n\t\t\t\t<span class=\"aux-menu-label\">Contato<\/span>\n\t\t\t<\/a>\n\t\t<\/li>\n\t\t<!-- end single menu -->\n\t\t<!-- start single menu -->\n\t\t<li id=\"menu-item-733\" class=\"menu-item menu-item-type-post_type menu-item-object-page menu-item-733 aux-menu-depth-0 aux-menu-root-4 aux-menu-item\">\n\t\t\t<a href=\"https:\/\/cartoriobarcarena.com\/index.php\/sobre\/\" class=\"aux-item-content\">\n\t\t\t\t<span class=\"aux-menu-label\">Sobre<\/span>\n\t\t\t<\/a>\n\t\t<\/li>\n\t\t<!-- end single menu -->\n\t\t<!-- start single menu -->\n\t\t<li id=\"menu-item-1648\" class=\"menu-item menu-item-type-post_type menu-item-object-page menu-item-1648 aux-menu-depth-0 aux-menu-root-5 aux-menu-item\">\n\t\t\t<a href=\"https:\/\/cartoriobarcarena.com\/index.php\/lgpd\/\" class=\"aux-item-content\">\n\t\t\t\t<span class=\"aux-menu-label\">LGPD<\/span>\n\t\t\t<\/a>\n\t\t<\/li>\n\t\t<!-- end single menu -->\n\t\t<!-- start single menu -->\n\t\t<li id=\"menu-item-1649\" class=\"menu-item menu-item-type-post_type menu-item-object-page menu-item-1649 aux-menu-depth-0 aux-menu-root-6 aux-menu-item\">\n\t\t\t<a href=\"https:\/\/cartoriobarcarena.com\/index.php\/politica\/\" class=\"aux-item-content\">\n\t\t\t\t<span class=\"aux-menu-label\">Pol\u00edtica de Privacidade<\/span>\n\t\t\t<\/a>\n\t\t<\/li>\n\t\t<!-- end single menu -->\n\t<\/ul>\n\n<\/nav>\n<!-- end master menu -->\n<section class=\"aux-offcanvas-menu aux-pin-left\"><div class=\"aux-panel-close\"><div class=\"aux-close aux-cross-symbol aux-thick-medium\"><\/div><\/div><div class=\"offcanvas-header\"><\/div><div class=\"offcanvas-content\"><\/div><div class=\"offcanvas-footer\"><\/div><\/section><\/div><style>@media only screen and (min-width: 769px) { .elementor-element-252e24c1 .aux-burger-box { display: none } }<\/style>\t\t\t\t<\/div>\n\t\t\t\t<\/div>\n\t\t\t\t\t<\/div>\n\t\t<\/div>\n\t\t\t\t<div class=\"aux-parallax-section elementor-column elementor-col-33 elementor-top-column elementor-element elementor-element-7146a639 exad-glass-effect-no exad-sticky-section-no\" data-id=\"7146a639\" data-element_type=\"column\" data-e-type=\"column\">\n\t\t\t<div class=\"elementor-widget-wrap\">\n\t\t\t\t\t\t\t<\/div>\n\t\t<\/div>\n\t\t\t\t\t<\/div>\n\t\t<\/section>\n\t\t\t\t<section class=\"elementor-section elementor-top-section elementor-element elementor-element-342ae57 elementor-section-boxed elementor-section-height-default elementor-section-height-default exad-glass-effect-no wpr-particle-no wpr-jarallax-no wpr-parallax-no wpr-sticky-section-no wpr-column-slider-no wpr-equal-height-no exad-sticky-section-no\" data-id=\"342ae57\" data-element_type=\"section\" data-e-type=\"section\">\n\t\t\t\t\t\t<div class=\"elementor-container elementor-column-gap-default\">\n\t\t\t\t\t<div class=\"aux-parallax-section elementor-column elementor-col-100 elementor-top-column elementor-element elementor-element-70c34b6 exad-glass-effect-no exad-sticky-section-no\" data-id=\"70c34b6\" data-element_type=\"column\" data-e-type=\"column\">\n\t\t\t<div class=\"elementor-widget-wrap elementor-element-populated\">\n\t\t\t\t\t\t<div class=\"elementor-element elementor-element-a4a3413 exad-sticky-section-no exad-glass-effect-no elementor-widget elementor-widget-heading\" data-id=\"a4a3413\" data-element_type=\"widget\" data-e-type=\"widget\" data-widget_type=\"heading.default\">\n\t\t\t\t<div class=\"elementor-widget-container\">\n\t\t\t\t\t<h2 class=\"elementor-heading-title elementor-size-default\">LEI GERAL DE PROTE\u00c7\u00c3O DE DADOS \u2013 LGPD <br>(LEI 13.709\/2018)<\/h2>\t\t\t\t<\/div>\n\t\t\t\t<\/div>\n\t\t\t\t<div class=\"elementor-element elementor-element-1b35c8a exad-sticky-section-no exad-glass-effect-no elementor-widget elementor-widget-text-editor\" data-id=\"1b35c8a\" data-element_type=\"widget\" data-e-type=\"widget\" data-widget_type=\"text-editor.default\">\n\t\t\t\t<div class=\"elementor-widget-container\">\n\t\t\t\t\t\t\t\t\t<p><strong>O CART\u00d3RIO DO \u00daNICO OF\u00cdCIO DE BARCARENA<\/strong> implementou em sua rotina a pol\u00edtica de prote\u00e7\u00e3o de dados dos usu\u00e1rios de seus servi\u00e7os, colaboradores e prestadores de servi\u00e7os, em cumprimento e em conformidade a\u00a0<a href=\"http:\/\/www.planalto.gov.br\/ccivil_03\/_ato2015-2018\/2018\/lei\/L13709.htm\"><strong>Lei n\u00ba 13.709 \u2013 Lei Geral de Prote\u00e7\u00e3o de Dados Pessoais (LGPD<\/strong><\/a><strong>). <\/strong>O armazenamento dos dados se d\u00e1 conforme o provimento 74\/CNJ e segue os prazos indicados nas normas e leis espec\u00edficas.\u00a0<\/p><p>Para dar cumprimento a esta importante legisla\u00e7\u00e3o, esta serventia, sempre preocupada em atender as normas e com vistas a prestar o melhor servi\u00e7o aos usu\u00e1rios dos servi\u00e7os notariais, adotou v\u00e1rias provid\u00eancias que ser\u00e3o expostas a seguir:<\/p><p>Pol\u00edtica de Privacidade \u2013 lei 13.709\/2018\u00a0<\/p><ul><li>O recebimento e tratamento dos dados pessoais pelo servi\u00e7o extrajudicial s\u00e3o realizados \u00fanica e exclusivamente para a pr\u00e1tica da atividade notarial, n\u00e3o havendo cess\u00e3o de informa\u00e7\u00f5es para terceiros, salvo nas hip\u00f3teses legais de comunica\u00e7\u00e3o e emiss\u00e3o de certid\u00f5es de atos p\u00fablicos;<\/li><li>O recebimento e tratamento de dados \u00e9 realizado de acordo com os ditames da lei 13.709\/18;<\/li><li>O titular dos dados ter\u00e1 os direitos constantes dos artigos 17 e 18 da lei 13.709\/2018<\/li><li>Os titulares ter\u00e3o acesso aos dados pessoais, mediante consulta que poder\u00e1 abranger a exatid\u00e3o, clareza, relev\u00e2ncia, atualiza\u00e7\u00e3o e forma de tratamento dos dados;<\/li><li>O acesso \u00e9 restrito aos titulares;<\/li><li>Para a expedi\u00e7\u00e3o de certid\u00e3o ou informa\u00e7\u00e3o restrita do que constar nos indicadores e \u00edndices pessoais, poder\u00e1 ser exigido por escrito identifica\u00e7\u00e3o do solicitante e finalidade da solicita\u00e7\u00e3o;<\/li><li>Canal de comunica\u00e7\u00e3o para fins da lei 13.709\/2018: balaguer.comercial@gmail.com<\/li><li><strong>Encarregado:<\/strong> THIAGO BALAGUER DE OLIVEIRA, balaguer.comercial@gmail.com<\/li><\/ul>\t\t\t\t\t\t\t\t<\/div>\n\t\t\t\t<\/div>\n\t\t\t\t<div class=\"elementor-element elementor-element-974442d exad-sticky-section-no exad-glass-effect-no elementor-widget elementor-widget-button\" data-id=\"974442d\" data-element_type=\"widget\" data-e-type=\"widget\" data-widget_type=\"button.default\">\n\t\t\t\t<div class=\"elementor-widget-container\">\n\t\t\t\t\t\t\t\t\t<div class=\"elementor-button-wrapper\">\n\t\t\t\t\t<a class=\"elementor-button elementor-button-link elementor-size-sm\" href=\"https:\/\/drive.google.com\/file\/d\/1ogLEnMQ37pCP1mPNb9LRkX5ouh1i5XlX\/view?usp=drive_link\">\n\t\t\t\t\t\t<span class=\"elementor-button-content-wrapper\">\n\t\t\t\t\t\t\t\t\t<span class=\"elementor-button-text\">POLITICA DE PRIVACIDADE<\/span>\n\t\t\t\t\t<\/span>\n\t\t\t\t\t<\/a>\n\t\t\t\t<\/div>\n\t\t\t\t\t\t\t\t<\/div>\n\t\t\t\t<\/div>\n\t\t\t\t\t<\/div>\n\t\t<\/div>\n\t\t\t\t\t<\/div>\n\t\t<\/section>\n\t\t\t\t<section class=\"elementor-section elementor-top-section elementor-element elementor-element-2b019f54 elementor-section-full_width elementor-section-height-min-height elementor-section-height-default elementor-section-items-middle exad-glass-effect-no wpr-particle-no wpr-jarallax-no wpr-parallax-no wpr-sticky-section-no wpr-column-slider-no wpr-equal-height-no exad-sticky-section-no\" data-id=\"2b019f54\" data-element_type=\"section\" data-e-type=\"section\" data-settings=\"{&quot;background_background&quot;:&quot;classic&quot;}\">\n\t\t\t\t\t\t\t<div class=\"elementor-background-overlay\"><\/div>\n\t\t\t\t\t\t\t<div class=\"elementor-container elementor-column-gap-default\">\n\t\t\t\t\t<div class=\"aux-parallax-section elementor-column elementor-col-33 elementor-top-column elementor-element elementor-element-4cd3e614 exad-glass-effect-no exad-sticky-section-no\" data-id=\"4cd3e614\" data-element_type=\"column\" data-e-type=\"column\">\n\t\t\t<div class=\"elementor-widget-wrap elementor-element-populated\">\n\t\t\t\t\t\t<div class=\"elementor-element elementor-element-713ca9ef exad-sticky-section-no exad-glass-effect-no elementor-widget elementor-widget-image\" data-id=\"713ca9ef\" data-element_type=\"widget\" data-e-type=\"widget\" data-widget_type=\"image.default\">\n\t\t\t\t<div class=\"elementor-widget-container\">\n\t\t\t\t\t\t\t\t\t\t\t\t\t\t\t<img decoding=\"async\" width=\"150\" height=\"150\" src=\"https:\/\/cartoriobarcarena.com\/wp-content\/uploads\/2020\/03\/Cartorio-de-Barcarena2-150x150.png\" class=\"attachment-thumbnail size-thumbnail wp-image-708\" alt=\"\" srcset=\"https:\/\/cartoriobarcarena.com\/wp-content\/uploads\/2020\/03\/Cartorio-de-Barcarena2-150x150.png 150w, https:\/\/cartoriobarcarena.com\/wp-content\/uploads\/2020\/03\/Cartorio-de-Barcarena2-300x300.png 300w, https:\/\/cartoriobarcarena.com\/wp-content\/uploads\/2020\/03\/Cartorio-de-Barcarena2-1024x1024.png 1024w, https:\/\/cartoriobarcarena.com\/wp-content\/uploads\/2020\/03\/Cartorio-de-Barcarena2-768x768.png 768w, https:\/\/cartoriobarcarena.com\/wp-content\/uploads\/2020\/03\/Cartorio-de-Barcarena2-1536x1536.png 1536w, https:\/\/cartoriobarcarena.com\/wp-content\/uploads\/2020\/03\/Cartorio-de-Barcarena2-2048x2048.png 2048w, https:\/\/cartoriobarcarena.com\/wp-content\/uploads\/2020\/03\/elementor\/thumbs\/Cartorio-de-Barcarena2-pyhhxiifj00f88lnkfgzj05sus8yux6qq77g1hdmts.png 200w\" sizes=\"(max-width: 150px) 100vw, 150px\" \/>\t\t\t\t\t\t\t\t\t\t\t\t\t\t\t<\/div>\n\t\t\t\t<\/div>\n\t\t\t\t\t<\/div>\n\t\t<\/div>\n\t\t\t\t<div class=\"aux-parallax-section elementor-column elementor-col-33 elementor-top-column elementor-element elementor-element-1fa7828f exad-glass-effect-no exad-sticky-section-no\" data-id=\"1fa7828f\" data-element_type=\"column\" data-e-type=\"column\">\n\t\t\t<div class=\"elementor-widget-wrap elementor-element-populated\">\n\t\t\t\t\t\t<div class=\"elementor-element elementor-element-3db5a7ab exad-sticky-section-no exad-glass-effect-no elementor-widget elementor-widget-heading\" data-id=\"3db5a7ab\" data-element_type=\"widget\" data-e-type=\"widget\" data-widget_type=\"heading.default\">\n\t\t\t\t<div class=\"elementor-widget-container\">\n\t\t\t\t\t<h3 class=\"elementor-heading-title elementor-size-default\">Servi\u00e7os Extrajudiciais para Barcarena com qualidade e celeridade.<\/h3>\t\t\t\t<\/div>\n\t\t\t\t<\/div>\n\t\t\t\t<div class=\"elementor-element elementor-element-6135c147 elementor-widget__width-initial exad-sticky-section-no exad-glass-effect-no elementor-widget elementor-widget-heading\" data-id=\"6135c147\" data-element_type=\"widget\" data-e-type=\"widget\" data-widget_type=\"heading.default\">\n\t\t\t\t<div class=\"elementor-widget-container\">\n\t\t\t\t\t<h4 class=\"elementor-heading-title elementor-size-default\">Rua: Lameira Bitencourt S\/N\n\nTv. 7 de setembro com Tv. da Matriz\n\nCentro, Barcarena - PA<\/h4>\t\t\t\t<\/div>\n\t\t\t\t<\/div>\n\t\t\t\t<div class=\"elementor-element elementor-element-16d2155b exad-sticky-section-no exad-glass-effect-no elementor-widget elementor-widget-heading\" data-id=\"16d2155b\" data-element_type=\"widget\" data-e-type=\"widget\" data-widget_type=\"heading.default\">\n\t\t\t\t<div class=\"elementor-widget-container\">\n\t\t\t\t\t<h4 class=\"elementor-heading-title elementor-size-default\">cartoriobarcarena@gmail.com<\/h4>\t\t\t\t<\/div>\n\t\t\t\t<\/div>\n\t\t\t\t<section class=\"elementor-section elementor-inner-section elementor-element elementor-element-1564ae0c elementor-section-boxed elementor-section-height-default elementor-section-height-default exad-glass-effect-no wpr-particle-no wpr-jarallax-no wpr-parallax-no wpr-sticky-section-no wpr-column-slider-no wpr-equal-height-no exad-sticky-section-no\" data-id=\"1564ae0c\" data-element_type=\"section\" data-e-type=\"section\">\n\t\t\t\t\t\t<div class=\"elementor-container elementor-column-gap-default\">\n\t\t\t\t\t<div class=\"aux-parallax-section elementor-column elementor-col-100 elementor-inner-column elementor-element elementor-element-40332635 exad-glass-effect-no exad-sticky-section-no\" data-id=\"40332635\" data-element_type=\"column\" data-e-type=\"column\">\n\t\t\t<div class=\"elementor-widget-wrap elementor-element-populated\">\n\t\t\t\t\t\t<div class=\"elementor-element elementor-element-70051bfd exad-sticky-section-no exad-glass-effect-no elementor-widget elementor-widget-heading\" data-id=\"70051bfd\" data-element_type=\"widget\" data-e-type=\"widget\" data-widget_type=\"heading.default\">\n\t\t\t\t<div class=\"elementor-widget-container\">\n\t\t\t\t\t<h4 class=\"elementor-heading-title elementor-size-default\">\u00a9 2023. Cart\u00f3rio Barcarena. Todos os direitos reservados.<\/h4>\t\t\t\t<\/div>\n\t\t\t\t<\/div>\n\t\t\t\t\t<\/div>\n\t\t<\/div>\n\t\t\t\t\t<\/div>\n\t\t<\/section>\n\t\t\t\t\t<\/div>\n\t\t<\/div>\n\t\t\t\t<div class=\"aux-parallax-section elementor-column elementor-col-33 elementor-top-column elementor-element elementor-element-4e8c4303 exad-glass-effect-no exad-sticky-section-no\" data-id=\"4e8c4303\" data-element_type=\"column\" data-e-type=\"column\">\n\t\t\t<div class=\"elementor-widget-wrap elementor-element-populated\">\n\t\t\t\t\t\t<div class=\"elementor-element elementor-element-12dcb3b1 elementor-shape-circle elementor-grid-0 e-grid-align-center exad-sticky-section-no exad-glass-effect-no elementor-widget elementor-widget-social-icons\" data-id=\"12dcb3b1\" data-element_type=\"widget\" data-e-type=\"widget\" data-widget_type=\"social-icons.default\">\n\t\t\t\t<div class=\"elementor-widget-container\">\n\t\t\t\t\t\t\t<div class=\"elementor-social-icons-wrapper elementor-grid\" role=\"list\">\n\t\t\t\t\t\t\t<span class=\"elementor-grid-item\" role=\"listitem\">\n\t\t\t\t\t<a class=\"elementor-icon elementor-social-icon elementor-social-icon-facebook elementor-repeater-item-2f7e821\" href=\"https:\/\/www.facebook.com\/cartoriobarcarena\" target=\"_blank\">\n\t\t\t\t\t\t<span class=\"elementor-screen-only\">Facebook<\/span>\n\t\t\t\t\t\t<i aria-hidden=\"true\" class=\"fab fa-facebook\"><\/i>\t\t\t\t\t<\/a>\n\t\t\t\t<\/span>\n\t\t\t\t\t\t\t<span class=\"elementor-grid-item\" role=\"listitem\">\n\t\t\t\t\t<a class=\"elementor-icon elementor-social-icon elementor-social-icon-instagram elementor-repeater-item-a765d53\" href=\"https:\/\/www.instagram.com\/cartoriobarcarena\" target=\"_blank\">\n\t\t\t\t\t\t<span class=\"elementor-screen-only\">Instagram<\/span>\n\t\t\t\t\t\t<i aria-hidden=\"true\" class=\"fab fa-instagram\"><\/i>\t\t\t\t\t<\/a>\n\t\t\t\t<\/span>\n\t\t\t\t\t\t\t<span class=\"elementor-grid-item\" role=\"listitem\">\n\t\t\t\t\t<a class=\"elementor-icon elementor-social-icon elementor-social-icon-whatsapp elementor-repeater-item-d160dcb\" href=\"https:\/\/wa.me\/5591993001926\" target=\"_blank\">\n\t\t\t\t\t\t<span class=\"elementor-screen-only\">Whatsapp<\/span>\n\t\t\t\t\t\t<i aria-hidden=\"true\" class=\"fab fa-whatsapp\"><\/i>\t\t\t\t\t<\/a>\n\t\t\t\t<\/span>\n\t\t\t\t\t<\/div>\n\t\t\t\t\t\t<\/div>\n\t\t\t\t<\/div>\n\t\t\t\t\t<\/div>\n\t\t<\/div>\n\t\t\t\t\t<\/div>\n\t\t<\/section>\n\t\t\t\t<\/div>\n\t\t","protected":false},"excerpt":{"rendered":"<p>In\u00edcio Trabalhe conosco Contato Sobre LGPD Pol\u00edtica de Privacidade LEI GERAL DE PROTE\u00c7\u00c3O DE DADOS \u2013 LGPD (LEI 13.709\/2018) O CART\u00d3RIO DO \u00daNICO OF\u00cdCIO DE BARCARENA implementou em sua rotina a pol\u00edtica de prote\u00e7\u00e3o de dados dos usu\u00e1rios de seus servi\u00e7os, colaboradores e prestadores de servi\u00e7os, em cumprimento e em conformidade a\u00a0Lei n\u00ba 13.709 \u2013 Lei Geral de Prote\u00e7\u00e3o de Dados Pessoais (LGPD). O armazenamento dos dados se d\u00e1 conforme o provimento 74\/CNJ e segue os prazos indicados nas normas e leis espec\u00edficas.\u00a0 Para dar cumprimento a esta importante legisla\u00e7\u00e3o, esta serventia, sempre preocupada em atender as normas e com vistas a prestar o melhor servi\u00e7o aos usu\u00e1rios dos servi\u00e7os notariais, adotou v\u00e1rias provid\u00eancias que ser\u00e3o expostas a seguir: Pol\u00edtica de Privacidade \u2013 lei 13.709\/2018\u00a0 O recebimento e tratamento dos dados pessoais pelo servi\u00e7o extrajudicial s\u00e3o realizados \u00fanica e exclusivamente para a pr\u00e1tica da atividade notarial, n\u00e3o havendo cess\u00e3o de informa\u00e7\u00f5es para terceiros, salvo nas hip\u00f3teses legais de comunica\u00e7\u00e3o e emiss\u00e3o de certid\u00f5es de atos p\u00fablicos; O recebimento e tratamento de dados \u00e9 realizado de acordo com os ditames da lei 13.709\/18; O titular dos dados ter\u00e1 os direitos constantes dos artigos 17 e 18 da lei 13.709\/2018 Os titulares ter\u00e3o acesso aos dados pessoais, mediante consulta que poder\u00e1 abranger a exatid\u00e3o, clareza, relev\u00e2ncia, atualiza\u00e7\u00e3o e forma de tratamento dos dados; O acesso \u00e9 restrito aos titulares; Para a expedi\u00e7\u00e3o de certid\u00e3o ou informa\u00e7\u00e3o restrita do que constar nos indicadores e \u00edndices pessoais, poder\u00e1 ser exigido por escrito identifica\u00e7\u00e3o do solicitante e finalidade da solicita\u00e7\u00e3o; Canal de comunica\u00e7\u00e3o para fins da lei 13.709\/2018: balaguer.comercial@gmail.com Encarregado: THIAGO BALAGUER DE OLIVEIRA, balaguer.comercial@gmail.com POLITICA DE PRIVACIDADE Servi\u00e7os Extrajudiciais para Barcarena com qualidade e celeridade. Rua: Lameira Bitencourt S\/N Tv. 7 de setembro com Tv. da Matriz Centro, Barcarena &#8211; PA cartoriobarcarena@gmail.com \u00a9 2023. Cart\u00f3rio Barcarena. Todos os direitos reservados. Facebook Instagram Whatsapp<\/p>\n","protected":false},"author":1,"featured_media":0,"parent":0,"menu_order":0,"comment_status":"closed","ping_status":"closed","template":"elementor_canvas","meta":{"_joinchat":[],"footnotes":""},"class_list":["post-1620","page","type-page","status-publish","hentry"],"_links":{"self":[{"href":"https:\/\/cartoriobarcarena.com\/index.php\/wp-json\/wp\/v2\/pages\/1620","targetHints":{"allow":["GET"]}}],"collection":[{"href":"https:\/\/cartoriobarcarena.com\/index.php\/wp-json\/wp\/v2\/pages"}],"about":[{"href":"https:\/\/cartoriobarcarena.com\/index.php\/wp-json\/wp\/v2\/types\/page"}],"author":[{"embeddable":true,"href":"https:\/\/cartoriobarcarena.com\/index.php\/wp-json\/wp\/v2\/users\/1"}],"replies":[{"embeddable":true,"href":"https:\/\/cartoriobarcarena.com\/index.php\/wp-json\/wp\/v2\/comments?post=1620"}],"version-history":[{"count":25,"href":"https:\/\/cartoriobarcarena.com\/index.php\/wp-json\/wp\/v2\/pages\/1620\/revisions"}],"predecessor-version":[{"id":1692,"href":"https:\/\/cartoriobarcarena.com\/index.php\/wp-json\/wp\/v2\/pages\/1620\/revisions\/1692"}],"wp:attachment":[{"href":"https:\/\/cartoriobarcarena.com\/index.php\/wp-json\/wp\/v2\/media?parent=1620"}],"curies":[{"name":"wp","href":"https:\/\/api.w.org\/{rel}","templated":true}]}}